{"id":12,"date":"2024-11-03T12:38:37","date_gmt":"2024-11-03T12:38:37","guid":{"rendered":"http:\/\/kasztelanskieproduktypszczele.pl\/?page_id=12"},"modified":"2024-11-03T12:38:37","modified_gmt":"2024-11-03T12:38:37","slug":"dbajmy-o-pszczoly-3","status":"publish","type":"page","link":"https:\/\/kasztelanskieproduktypszczele.pl\/index.php\/dbajmy-o-pszczoly-3\/","title":{"rendered":"Dbajmy o pszczo\u0142y"},"content":{"rendered":"\n<p>&nbsp; <strong>Dbaj\u0105c o pszczo\u0142y<\/strong><\/p>\n\n\n\n<figure class=\"wp-block-image alignright size-full\"><img loading=\"lazy\" decoding=\"async\" width=\"719\" height=\"719\" src=\"http:\/\/kasztelanskieproduktypszczele.pl\/wp-content\/uploads\/2024\/11\/image.jpeg\" alt=\"\" class=\"wp-image-13\" title=\"\" srcset=\"https:\/\/kasztelanskieproduktypszczele.pl\/wp-content\/uploads\/2024\/11\/image.jpeg 719w, https:\/\/kasztelanskieproduktypszczele.pl\/wp-content\/uploads\/2024\/11\/image-300x300.jpeg 300w, https:\/\/kasztelanskieproduktypszczele.pl\/wp-content\/uploads\/2024\/11\/image-150x150.jpeg 150w\" sizes=\"auto, (max-width: 719px) 100vw, 719px\" \/><\/figure>\n\n\n\n<p>&nbsp; &nbsp; &nbsp; &nbsp; &nbsp; &nbsp; &nbsp; &nbsp; &nbsp; &nbsp; &nbsp; &nbsp; &nbsp; &nbsp; &nbsp; &nbsp; &nbsp; &nbsp; &nbsp;&nbsp; my\u015blimy o przysz\u0142o\u015bci<\/p>\n\n\n\n<p>Je\u015bli ci nie jest oboj\u0119tne zdrowie nasze oraz przysz\u0142o\u015b\u0107 naszych dzieci, zadbajmy o pszczo\u0142y. Pszczo\u0142y s\u0105 niezb\u0119dnym ogniwem w dzisiejszej gospodarce \u017cywno\u015bciowej. Wiadomo, \u017ce po wygini\u0119ciu pszcz\u00f3\u0142 stracimy \u00be \u017cywno\u015bci pochodzenia ro\u015blinnego. Szacuje si\u0119, \u017ce warto\u015b\u0107 pracy pszcz\u00f3\u0142 w procesie tworzenia \u017cywno\u015bci to oko\u0142o 265 miliard\u00f3w euro rocznie. W dzisiejszym \u015bwiecie pszczo\u0142y miodne nie mog\u0105 \u017cy\u0107 bez pomocy cz\u0142owieka, pszczo\u0142y \u017cyj\u0105ce dziko np. w dziuplach, umieraj\u0105 w ci\u0105gu dw\u00f3ch trzech lat. W obecnej dobie, nawet pasieka prowadzona przez profesjonalnego pszczelarza z zachowaniem wszystkich warunk\u00f3w higieny lecz bez odpowiedniego leczenia mo\u017ce nie prze\u017cy\u0107 nawet jednego sezonu w dobrej kondycji.<\/p>\n\n\n\n<p>Przez globalizacj\u0119 zosta\u0142y zawleczone choroby z Azji, takie jak: waroza czy nosema, na kt\u00f3re nasze rodzime pszczo\u0142y nie s\u0105 odporne. Dzi\u0119ki odpowiedniemu leczeniu choroby te mog\u0105 by\u0107 wyleczone i mo\u017cemy zatrzyma\u0107 ich dalsze rozprzestrzenianie. Dlatego aby jedna pasieka mog\u0142a istnie\u0107, konieczne jest zachowanie higieny w okolicznych pasiekach. I tu moja pro\u015bba. Niech ka\u017cdy z nas zwr\u00f3ci uwag\u0119 na to czy pszczo\u0142y maj\u0105 zapewnione odpowiedni\u0105 opiek\u0119 . Obecnie media oraz liczni dzia\u0142acze apeluj\u0105 o godne traktowanie zwierz\u0105t. Pami\u0119tajmy te\u017c o pszczo\u0142ach. Czasem wida\u0107 ule pozostawione bez opieki, kt\u00f3re s\u0105 \u017ar\u00f3d\u0142em rozprzestrzeniania si\u0119 chor\u00f3b. Cz\u0119sto nie znajduj\u0105 si\u0119 w nich pszczo\u0142y, a jedynie plastry po spad\u0142ej rodzinie. Opuszczone ule przy kt\u00f3rych nie ma pszcz\u00f3\u0142 powinny szczeg\u00f3lnie zwr\u00f3ci\u0107 nasz\u0105 uwag\u0119.<\/p>\n\n\n\n<p><strong>Pom\u00f3\u017c konkurencji \u2013 b\u0119dziesz mia\u0142 zdrowe pszczo\u0142y.<\/strong><\/p>\n\n\n\n<p>Tak po ludzku, apel do wszystkich w\u0142a\u015bcicieli pszcz\u00f3\u0142. Konkurencja jest istot\u0105 ludzkiej natury \u2013 rywalizacji. Czasem przybiera r\u00f3\u017cne formy. S\u0105siad pszczelarz mo\u017ce by\u0107 dla nas konkurentem, ale chyba nie ma innej dziedziny \u017cycia gdzie jest on tak odpowiedzialny za nasz sukces lub kl\u0119sk\u0119. Dlatego, dbajmy o pszczo\u0142y nasze i naszego s\u0105siada. Ka\u017cdy pszczelarz wie, \u017ce pszczo\u0142y \u201eskanuj\u0105\u201d teren w promieniu oko\u0142o 3 km w poszukiwaniu po\u017cytku. Je\u015bli okoliczny pszczelarz traktuje pszczo\u0142y tylko jako \u017ar\u00f3d\u0142o dochodu, nie dbaj\u0105c o ich kondycj\u0119 a nierzadko pozbawiaj\u0105c resztek miodu,cz\u0119sto doprowadza do \u015bmierci rodziny pszczelej. Je\u015bli pszczo\u0142a zwiadowca trafi na pusty lub os\u0142abiony ul potraktuje go jako \u017ar\u00f3d\u0142o po\u017cytku. Wraz ze zrabowanym pokarmem \u201cw gratisie\u201d przyniesie choroby i paso\u017cyty, kt\u00f3re wyniszczy\u0142y tamt\u0105 rodzin\u0119. P\u00f3\u017aniej taka rodzina s\u0142abnie i wnet stanie si\u0119 ofiar\u0105 kolejnych rabunk\u00f3w. Je\u017celi s\u0105siad b\u0119dzie mia\u0142 zdrowe pszczo\u0142y, a my dochowamy staranno\u015bci, to jest szansa \u017ce my r\u00f3wnie\u017c b\u0119dziemy cieszy\u0107 si\u0119 zdrowymi rodzinami. Je\u015bli my b\u0119dziemy mie\u0107 zdrowe pszczo\u0142y to s\u0105siadowi te\u017c b\u0119dzie \u0142atwiej. Ka\u017cdemu z nas si\u0119 to op\u0142aci. Dbajmy wi\u0119c o swoje pszczo\u0142y. Zagl\u0105dajmy do nich, w sezonie przynajmniej co tydzie\u0144, po sezonie \u2013 co dwa lub trzy tygodnie. Sprawdzajmy stan i si\u0142\u0119 rodzin. Cz\u0119sto wystarczy wgl\u0105d od g\u00f3ry. Je\u017celi dostrze\u017cemy co\u015b niepokoj\u0105cego wtedy podejmujemy odpowiednie dzia\u0142ania. Nie czekajmy! Jak nie wiemy jak dzia\u0142a\u0107, popro\u015bmy o pomoc. Pomagajmy sobie nawzajem.<\/p>\n\n\n\n<p>Miodu naturalnego, prawdziwego jest tak ma\u0142o, \u017ce jeszcze d\u0142ugo nie b\u0119dzie problemu z jego zbytem. Produkty pszczele opar\u0142y si\u0119 wszechobecnej chemizacji s\u0105 wolne od ulepszaczy i konserwant\u00f3w. Dlatego mi\u00f3d i inne produkty pszczele s\u0105 traktowane jako lekarstwo.<\/p>\n\n\n\n<p>Grafika; \u017ar\u00f3d\u0142o;https:\/\/www.autumnskyeart.com\/#\/resilience\/<\/p>\n\n\n\n<p>Bronis\u0142aw Bajorek<\/p>\n\n\n\n<p>pasiekabajorek@gmail.com<\/p>\n\n\n\n<p>Tomek Stanek<\/p>\n\n\n\n<p>stantom2020@gmail.com<\/p>\n\n\n\n<p>Je\u017celi&nbsp; wa\u017cne jest dla Ciebie dobro pszcz\u00f3\u0142 mo\u017cesz ten tekst udost\u0119pni\u0107 .<\/p>\n\n\n\n<p><a href=\"http:\/\/kasztelanskieproduktypszczele.pl\/wp-content\/uploads\/2024\/11\/Dbajmy-o-pszczoly.pdf\">plik do pobrania <\/a><\/p>\n\n\n\n\n\n<p><\/p>\n","protected":false},"excerpt":{"rendered":"<p>&nbsp; Dbaj\u0105c o pszczo\u0142y &nbsp; &nbsp; &nbsp; &nbsp; &nbsp; &nbsp; &nbsp; &nbsp; &nbsp; &nbsp; &nbsp; &nbsp; &nbsp; &nbsp; &nbsp; &nbsp; &nbsp; &nbsp; &nbsp;&nbsp; my\u015blimy o przysz\u0142o\u015bci Je\u015bli ci nie jest oboj\u0119tne zdrowie nasze oraz przysz\u0142o\u015b\u0107 naszych dzieci, zadbajmy o pszczo\u0142y. Pszczo\u0142y s\u0105 niezb\u0119dnym ogniwem w dzisiejszej gospodarce \u017cywno\u015bciowej. Wiadomo, \u017ce po wygini\u0119ciu pszcz\u00f3\u0142 stracimy \u00be [&hellip;]<\/p>\n","protected":false},"author":1,"featured_media":0,"parent":0,"menu_order":0,"comment_status":"closed","ping_status":"closed","template":"","meta":{"footnotes":""},"class_list":["post-12","page","type-page","status-publish","hentry"],"_links":{"self":[{"href":"https:\/\/kasztelanskieproduktypszczele.pl\/index.php\/wp-json\/wp\/v2\/pages\/12","targetHints":{"allow":["GET"]}}],"collection":[{"href":"https:\/\/kasztelanskieproduktypszczele.pl\/index.php\/wp-json\/wp\/v2\/pages"}],"about":[{"href":"https:\/\/kasztelanskieproduktypszczele.pl\/index.php\/wp-json\/wp\/v2\/types\/page"}],"author":[{"embeddable":true,"href":"https:\/\/kasztelanskieproduktypszczele.pl\/index.php\/wp-json\/wp\/v2\/users\/1"}],"replies":[{"embeddable":true,"href":"https:\/\/kasztelanskieproduktypszczele.pl\/index.php\/wp-json\/wp\/v2\/comments?post=12"}],"version-history":[{"count":2,"href":"https:\/\/kasztelanskieproduktypszczele.pl\/index.php\/wp-json\/wp\/v2\/pages\/12\/revisions"}],"predecessor-version":[{"id":15,"href":"https:\/\/kasztelanskieproduktypszczele.pl\/index.php\/wp-json\/wp\/v2\/pages\/12\/revisions\/15"}],"wp:attachment":[{"href":"https:\/\/kasztelanskieproduktypszczele.pl\/index.php\/wp-json\/wp\/v2\/media?parent=12"}],"curies":[{"name":"wp","href":"https:\/\/api.w.org\/{rel}","templated":true}]}}